{"id":31,"date":"2025-10-10T11:53:10","date_gmt":"2025-10-10T11:53:10","guid":{"rendered":"https:\/\/www.wptest.photosupervisor.pl\/?page_id=31"},"modified":"2025-10-10T11:53:10","modified_gmt":"2025-10-10T11:53:10","slug":"zapisy-na-or1-zaniemysl","status":"publish","type":"page","link":"https:\/\/www.wptest.photosupervisor.pl\/index.php\/zapisy-na-or1-zaniemysl\/","title":{"rendered":"Zapisy na OR1 Zaniemy\u015bl"},"content":{"rendered":"<div class=\"frm_forms  with_frm_style frm_style_styl-formidable\" id=\"frm_form_2_container\" data-token=\"04efa596d53dbcac68e5d7e1360e67ed\">\n<form enctype=\"multipart\/form-data\" method=\"post\" class=\"frm-show-form \" id=\"form_or1-zaniemysl\" data-token=\"04efa596d53dbcac68e5d7e1360e67ed\">\n<div class=\"frm_form_fields \">\n<fieldset>\n<legend class=\"frm_screen_reader\">OR1-zaniemysl<\/legend>\n\n<div class=\"frm_fields_container\">\n<input type=\"hidden\" name=\"frm_action\" value=\"create\" \/>\n<input type=\"hidden\" name=\"form_id\" value=\"2\" \/>\n<input type=\"hidden\" name=\"frm_hide_fields_2\" id=\"frm_hide_fields_2\" value=\"\" \/>\n<input type=\"hidden\" name=\"form_key\" value=\"or1-zaniemysl\" \/>\n<input type=\"hidden\" name=\"item_meta[0]\" value=\"\" \/>\n<input type=\"hidden\" id=\"frm_submit_entry_2\" name=\"frm_submit_entry_2\" value=\"01e91e2579\" \/><input type=\"hidden\" name=\"_wp_http_referer\" value=\"\/index.php\/wp-json\/wp\/v2\/pages\/31\" \/><div id=\"frm_field_9_container\" class=\"frm_form_field form-field  frm_top_container\">\n\t<div  id=\"field_777nh_label\" class=\"frm_primary_label\">Wasze imiona i nazwisko\n\t\t<span class=\"frm_required\" aria-hidden=\"true\"><\/span>\n\t<\/div>\n\t<fieldset aria-labelledby=\"field_777nh_label\">\n\t<legend class=\"frm_screen_reader frm_hidden\">\n\t\tWasze imiona i nazwisko\t<\/legend>\n\n\t<div  class=\"frm_combo_inputs_container\" id=\"frm_combo_inputs_container_9\" data-name-layout=\"first_middle_last\">\n\t\t\t\t\t<div\n\t\t\t\tid=\"frm_field_9-first_container\"\n\t\t\t\tclass=\"frm_form_field form-field frm_form_subfield-first  frm4\"\n\t\t\t\tdata-sub-field-name=\"first\"\n\t\t\t>\n\t\t\t\t<label for=\"field_777nh_first\" class=\"frm_screen_reader frm_hidden\">\n\t\t\t\t\tImi\u0119 \u017cony\t\t\t\t<\/label>\n\n\t\t\t\t<input  type=\"text\" id=\"field_777nh_first\" value=\"\" name=\"item_meta[9][first]\" data-invmsg=\"Wasze imiona i nazwisko jest nieprawid\u0142owe\" aria-invalid=\"false\"  \/><div class=\"frm_description\" id=\"frm_field_9_first_desc\">Imi\u0119 \u017cony<\/div>\t\t\t<\/div>\n\t\t\t\t\t\t<div\n\t\t\t\tid=\"frm_field_9-middle_container\"\n\t\t\t\tclass=\"frm_form_field form-field frm_form_subfield-middle  frm4\"\n\t\t\t\tdata-sub-field-name=\"middle\"\n\t\t\t>\n\t\t\t\t<label for=\"field_777nh_middle\" class=\"frm_screen_reader frm_hidden\">\n\t\t\t\t\tImi\u0119 m\u0119\u017ca\t\t\t\t<\/label>\n\n\t\t\t\t<input  type=\"text\" id=\"field_777nh_middle\" value=\"\" name=\"item_meta[9][middle]\" data-invmsg=\"Wasze imiona i nazwisko jest nieprawid\u0142owe\" aria-invalid=\"false\"  \/><div class=\"frm_description\" id=\"frm_field_9_middle_desc\">Imi\u0119 m\u0119\u017ca<\/div>\t\t\t<\/div>\n\t\t\t\t\t\t<div\n\t\t\t\tid=\"frm_field_9-last_container\"\n\t\t\t\tclass=\"frm_form_field form-field frm_form_subfield-last  frm4\"\n\t\t\t\tdata-sub-field-name=\"last\"\n\t\t\t>\n\t\t\t\t<label for=\"field_777nh_last\" class=\"frm_screen_reader frm_hidden\">\n\t\t\t\t\tNazwisko\t\t\t\t<\/label>\n\n\t\t\t\t<input  type=\"text\" id=\"field_777nh_last\" value=\"\" name=\"item_meta[9][last]\" data-invmsg=\"Wasze imiona i nazwisko jest nieprawid\u0142owe\" aria-invalid=\"false\"  \/><div class=\"frm_description\" id=\"frm_field_9_last_desc\">Nazwisko<\/div>\t\t\t<\/div>\n\t\t\t\t<\/div>\n<\/fieldset>\n\n\t\n\t\n<\/div>\n<div id=\"frm_field_11_container\" class=\"frm_form_field form-field  frm_top_container frm12 frm_first vertical_radio\">\n\t<div  id=\"field_xr37v_label\" class=\"frm_primary_label\">Rekolekcja w jakich uczestniczyli\u015bcie\n\t\t<span class=\"frm_required\" aria-hidden=\"true\"><\/span>\n\t<\/div>\n\t<div class=\"frm_opt_container\" aria-labelledby=\"field_xr37v_label\" role=\"group\">\t\t<div class=\"frm_checkbox\" id=\"frm_checkbox_11-0\">\t\t\t<label  for=\"field_xr37v-0\">\n\t\t\t<input type=\"checkbox\" name=\"item_meta[11][]\" id=\"field_xr37v-0\" value=\"OR1\"  data-invmsg=\"Rekolekcja w jakich uczestniczyli\u015bcie jest nieprawid\u0142owe\" aria-invalid=\"false\"   \/> OR1<\/label><\/div>\n\t\t<div class=\"frm_checkbox\" id=\"frm_checkbox_11-1\">\t\t\t<label  for=\"field_xr37v-1\">\n\t\t\t<input type=\"checkbox\" name=\"item_meta[11][]\" id=\"field_xr37v-1\" value=\"OR2\"  data-invmsg=\"Rekolekcja w jakich uczestniczyli\u015bcie jest nieprawid\u0142owe\" aria-invalid=\"false\"   \/> OR2<\/label><\/div>\n\t\t<div class=\"frm_checkbox\" id=\"frm_checkbox_11-2\">\t\t\t<label  for=\"field_xr37v-2\">\n\t\t\t<input type=\"checkbox\" name=\"item_meta[11][]\" id=\"field_xr37v-2\" value=\"OR3\"  data-invmsg=\"Rekolekcja w jakich uczestniczyli\u015bcie jest nieprawid\u0142owe\" aria-invalid=\"false\"   \/> OR3<\/label><\/div>\n\t\t<div class=\"frm_checkbox\" id=\"frm_checkbox_11-3\">\t\t\t<label  for=\"field_xr37v-3\">\n\t\t\t<input type=\"checkbox\" name=\"item_meta[11][]\" id=\"field_xr37v-3\" value=\"ORAR1\"  data-invmsg=\"Rekolekcja w jakich uczestniczyli\u015bcie jest nieprawid\u0142owe\" aria-invalid=\"false\"   \/> ORAR1<\/label><\/div>\n\t\t<div class=\"frm_checkbox\" id=\"frm_checkbox_11-4\">\t\t\t<label  for=\"field_xr37v-4\">\n\t\t\t<input type=\"checkbox\" name=\"item_meta[11][]\" id=\"field_xr37v-4\" value=\"ORAR2\"  data-invmsg=\"Rekolekcja w jakich uczestniczyli\u015bcie jest nieprawid\u0142owe\" aria-invalid=\"false\"   \/> ORAR2<\/label><\/div>\n<\/div>\n\t\n\t\n<\/div>\n<div id=\"frm_field_12_container\" class=\"frm_form_field form-field  frm_top_container vertical_radio\">\n\t<div  id=\"field_r2gxi_label\" class=\"frm_primary_label\">Ile dzieci z wami pr\n\t\t<span class=\"frm_required\" aria-hidden=\"true\"><\/span>\n\t<\/div>\n\t<div class=\"frm_opt_container\" aria-labelledby=\"field_r2gxi_label\" role=\"radiogroup\">\t\t<div class=\"frm_radio\" id=\"frm_radio_12-0\">\t\t\t<label  for=\"field_r2gxi-0\">\n\t\t\t\t\t<input type=\"radio\" name=\"item_meta[12]\" id=\"field_r2gxi-0\" value=\"Opcja 1\"\n\t\t   data-invmsg=\"Ile dzieci z wami pr jest nieprawid\u0142owe\" aria-invalid=\"false\"  \/> Opcja 1<\/label><\/div>\n\t\t<div class=\"frm_radio\" id=\"frm_radio_12-1\">\t\t\t<label  for=\"field_r2gxi-1\">\n\t\t\t\t\t<input type=\"radio\" name=\"item_meta[12]\" id=\"field_r2gxi-1\" value=\"Opcja 2\"\n\t\t   data-invmsg=\"Ile dzieci z wami pr jest nieprawid\u0142owe\" aria-invalid=\"false\"  \/> Opcja 2<\/label><\/div>\n<\/div>\n\t\n\t\n<\/div>\n<div id=\"frm_field_13_container\" class=\"frm_form_field form-field  frm_top_container\">\n\t<label for=\"field_kjddu\" id=\"field_kjddu_label\" class=\"frm_primary_label\">Liczba\n\t\t<span class=\"frm_required\" aria-hidden=\"true\"><\/span>\n\t<\/label>\n\t<input type=\"number\" id=\"field_kjddu\" name=\"item_meta[13]\" value=\"\"  data-invmsg=\"Liczba jest nieprawid\u0142owe\" aria-invalid=\"false\"   min=\"0\" max=\"9999999\" step=\"any\"\/>\n\t\n\t\n<\/div>\n<div id=\"frm_field_14_container\" class=\"frm_form_field form-field  frm_top_container\">\n\t<label for=\"field_fhrgt\" id=\"field_fhrgt_label\" class=\"frm_primary_label\">Liczba\n\t\t<span class=\"frm_required\" aria-hidden=\"true\"><\/span>\n\t<\/label>\n\t<input type=\"number\" id=\"field_fhrgt\" name=\"item_meta[14]\" value=\"\"  data-invmsg=\"Liczba jest nieprawid\u0142owe\" aria-invalid=\"false\"   min=\"0\" max=\"9999999\" step=\"any\"\/>\n\t\n\t\n<\/div>\n<div id=\"frm_field_6_container\" class=\"frm_form_field form-field  frm12 frm_first\">\n\t<div class=\"frm_submit frm_flex\">\n<button class=\"frm_button_submit\" type=\"submit\"  >Wy\u015blij<\/button>\n\n\n\n<\/div>\n<\/div>\n\t<input type=\"hidden\" name=\"item_key\" value=\"\" \/>\n\t\t\t<div id=\"frm_field_15_container\">\n\t\t\t<label for=\"field_pvvg2\" >\n\t\t\t\tJe\u017celi jeste\u015b cz\u0142owiekiem, zostaw to pole puste.\t\t\t<\/label>\n\t\t\t<input  id=\"field_pvvg2\" type=\"text\" class=\"frm_form_field form-field frm_verify\" name=\"item_meta[15]\" value=\"\"  \/>\n\t\t<\/div>\n\t\t<input name=\"frm_state\" type=\"hidden\" value=\"pOqvtfmVyvIrJZol0YgU+UU0SMMK8YLs9Bu9RhHYFzc=\" \/><\/div>\n<\/fieldset>\n<\/div>\n\n<\/form>\n<\/div>\n","protected":false},"excerpt":{"rendered":"","protected":false},"author":1,"featured_media":0,"parent":0,"menu_order":0,"comment_status":"closed","ping_status":"closed","template":"","meta":{"footnotes":""},"class_list":["post-31","page","type-page","status-publish","hentry"],"_links":{"self":[{"href":"https:\/\/www.wptest.photosupervisor.pl\/index.php\/wp-json\/wp\/v2\/pages\/31","targetHints":{"allow":["GET"]}}],"collection":[{"href":"https:\/\/www.wptest.photosupervisor.pl\/index.php\/wp-json\/wp\/v2\/pages"}],"about":[{"href":"https:\/\/www.wptest.photosupervisor.pl\/index.php\/wp-json\/wp\/v2\/types\/page"}],"author":[{"embeddable":true,"href":"https:\/\/www.wptest.photosupervisor.pl\/index.php\/wp-json\/wp\/v2\/users\/1"}],"replies":[{"embeddable":true,"href":"https:\/\/www.wptest.photosupervisor.pl\/index.php\/wp-json\/wp\/v2\/comments?post=31"}],"version-history":[{"count":1,"href":"https:\/\/www.wptest.photosupervisor.pl\/index.php\/wp-json\/wp\/v2\/pages\/31\/revisions"}],"predecessor-version":[{"id":32,"href":"https:\/\/www.wptest.photosupervisor.pl\/index.php\/wp-json\/wp\/v2\/pages\/31\/revisions\/32"}],"wp:attachment":[{"href":"https:\/\/www.wptest.photosupervisor.pl\/index.php\/wp-json\/wp\/v2\/media?parent=31"}],"curies":[{"name":"wp","href":"https:\/\/api.w.org\/{rel}","templated":true}]}}